{"id":2951,"date":"2021-09-07T15:44:33","date_gmt":"2021-09-07T13:44:33","guid":{"rendered":"https:\/\/plinoxotar.it\/it\/?page_id=2951"},"modified":"2021-10-07T09:56:15","modified_gmt":"2021-10-07T07:56:15","slug":"chi-siamo","status":"publish","type":"page","link":"https:\/\/plinoxotar.it\/it\/chi-siamo\/","title":{"rendered":"Chi Siamo"},"content":{"rendered":"<div class=\"fusion-fullwidth fullwidth-box fusion-builder-row-1 fusion-flex-container nonhundred-percent-fullwidth non-hundred-percent-height-scrolling\" style=\"background-color: rgba(255,255,255,0);background-position: center center;background-repeat: no-repeat;border-width: 0px 0px 0px 0px;border-color:rgba(0,0,0,0.08);border-style:solid;\" ><div class=\"fusion-builder-row fusion-row fusion-flex-align-items-flex-start\" style=\"max-width:1372.8px;margin-left: calc(-4% \/ 2 );margin-right: calc(-4% \/ 2 );\"><div class=\"fusion-layout-column fusion_builder_column fusion-builder-column-0 fusion_builder_column_1_1 1_1 fusion-flex-column\"><div class=\"fusion-column-wrapper fusion-flex-justify-content-flex-start fusion-content-layout-column\" style=\"background-position:left top;background-repeat:no-repeat;-webkit-background-size:cover;-moz-background-size:cover;-o-background-size:cover;background-size:cover;padding: 0px 0px 0px 0px;\"><style type=\"text\/css\">@media only screen and (max-width:1024px) {.fusion-title.fusion-title-1{margin-top:12px!important;margin-bottom:24px!important;}}@media only screen and (max-width:640px) {.fusion-title.fusion-title-1{margin-top:12px!important;margin-bottom:24px!important;}}<\/style><div class=\"fusion-title title fusion-title-1 fusion-sep-none fusion-title-text fusion-title-size-three\" style=\"margin-top:12px;margin-bottom:24px;\"><h3 class=\"title-heading-left\" style=\"margin:0;\">Un&#8217;azienda di rilevanza internazionale<\/h3><\/div><div class=\"fusion-separator\" style=\"align-self: flex-start;margin-right:auto;margin-bottom:20px;width:100%;max-width:700px;\"><div class=\"fusion-separator-border sep-single sep-solid\" style=\"border-color:#01aded;border-top-width:3px;\"><\/div><\/div><div class=\"fusion-text fusion-text-1\" style=\"transform:translate3d(0,0,0);\"><p><strong>Plinoxotar<\/strong> \u00e8 un\u2019azienda di rilevanza primaria nel comparto a livello nazionale e internazionale. <strong>Nata in Italia nel 1964<\/strong>, all\u2019inizio si dedica alla produzione di apparecchi per riscaldamento e serbatoi per stoccaggio di carburanti, poi amplia il raggio di attivit\u00e0 ad altre produzioni, sempre con attenzione agli sviluppi delle tematiche ambientaliste ed energetiche. Progettazione e realizzazione di attrezzature a pressione per lo stoccaggio ed il trasporto di ogni tipologia di gas, realizzate in accordo con gli standard europei ed internazionali (ASME, AD2000, CODAP, ecc.), comunemente utilizzati e certificate in accordo alle <strong>Direttive comunitarie<\/strong> 2014\/68\/UE (PED) e 2010\/35\/UE (T-PED). Parliamo di <strong>prodotti di qualita\u0300 sicuri e affidabili<\/strong>, realizzati da personale qualificato con specializzazione in ogni fase della realizzazione. Tutto questo ha reso la nostra azienda un punto di riferimento in Italia e all\u2019estero.<\/p>\n<\/div><div style=\"text-align:center;\"><span class=\" fusion-imageframe imageframe-none imageframe-1 hover-type-none\" style=\"border-radius:8px;margin-top:10px;margin-bottom:30px;\"><img decoding=\"async\" width=\"960\" height=\"265\" title=\"chi-siamo\" src=\"https:\/\/plinoxotar.it\/it\/wp-content\/uploads\/2021\/09\/chi-siamo.jpg\" data-orig-src=\"https:\/\/plinoxotar.it\/it\/wp-content\/uploads\/2021\/09\/chi-siamo.jpg\" class=\"lazyload img-responsive wp-image-2953\" srcset=\"data:image\/svg+xml,%3Csvg%20xmlns%3D%27http%3A%2F%2Fwww.w3.org%2F2000%2Fsvg%27%20width%3D%27960%27%20height%3D%27265%27%20viewBox%3D%270%200%20960%20265%27%3E%3Crect%20width%3D%27960%27%20height%3D%273265%27%20fill-opacity%3D%220%22%2F%3E%3C%2Fsvg%3E\" data-srcset=\"https:\/\/plinoxotar.it\/it\/wp-content\/uploads\/2021\/09\/chi-siamo-200x55.jpg 200w, https:\/\/plinoxotar.it\/it\/wp-content\/uploads\/2021\/09\/chi-siamo-400x110.jpg 400w, https:\/\/plinoxotar.it\/it\/wp-content\/uploads\/2021\/09\/chi-siamo-600x166.jpg 600w, https:\/\/plinoxotar.it\/it\/wp-content\/uploads\/2021\/09\/chi-siamo-800x221.jpg 800w, https:\/\/plinoxotar.it\/it\/wp-content\/uploads\/2021\/09\/chi-siamo.jpg 960w\" data-sizes=\"auto\" data-orig-sizes=\"(max-width: 640px) 100vw, 960px\" \/><\/span><\/div><div class=\"fusion-text fusion-text-2\" style=\"transform:translate3d(0,0,0);\"><p>Pian piano si orienta al comparto dei serbatoi in acciaio inossidabile per il trasporto di alimentari, merci pericolose ed inchiostri e nel comparto dell\u2019attrezzatura a pressione (Gpl, metano e gas tecnici), consolidandosi come uno dei maggiori produttori di serbatoi e sviluppando progetti anche su misura. Abbiamo incontrato il presidente, Luigi Settimi, per saperne di pi\u00f9 su questa azienda modello, non solo dal punto di vista economico, e della qualit\u00e0 e affidabilit\u00e0 dei prodotti, ma anche etico e sociale.<\/p>\n<\/div><div style=\"text-align:center;\"><span class=\" fusion-imageframe imageframe-none imageframe-2 hover-type-none\" style=\"border-radius:8px;\"><img decoding=\"async\" width=\"960\" height=\"265\" title=\"20210603_101912\" src=\"https:\/\/plinoxotar.it\/it\/wp-content\/uploads\/2021\/09\/20210603_101912.jpg\" data-orig-src=\"https:\/\/plinoxotar.it\/it\/wp-content\/uploads\/2021\/09\/20210603_101912.jpg\" class=\"lazyload img-responsive wp-image-2954\" srcset=\"data:image\/svg+xml,%3Csvg%20xmlns%3D%27http%3A%2F%2Fwww.w3.org%2F2000%2Fsvg%27%20width%3D%27960%27%20height%3D%27265%27%20viewBox%3D%270%200%20960%20265%27%3E%3Crect%20width%3D%27960%27%20height%3D%273265%27%20fill-opacity%3D%220%22%2F%3E%3C%2Fsvg%3E\" data-srcset=\"https:\/\/plinoxotar.it\/it\/wp-content\/uploads\/2021\/09\/20210603_101912-200x55.jpg 200w, https:\/\/plinoxotar.it\/it\/wp-content\/uploads\/2021\/09\/20210603_101912-400x110.jpg 400w, https:\/\/plinoxotar.it\/it\/wp-content\/uploads\/2021\/09\/20210603_101912-600x166.jpg 600w, https:\/\/plinoxotar.it\/it\/wp-content\/uploads\/2021\/09\/20210603_101912-800x221.jpg 800w, https:\/\/plinoxotar.it\/it\/wp-content\/uploads\/2021\/09\/20210603_101912.jpg 960w\" data-sizes=\"auto\" data-orig-sizes=\"(max-width: 640px) 100vw, 960px\" \/><\/span><\/div><div style=\"text-align:center;\"><style type=\"text\/css\">.fusion-button.button-1 .fusion-button-text, .fusion-button.button-1 i {color:#ffffff;}.fusion-button.button-1 .fusion-button-icon-divider{border-color:#ffffff;}.fusion-button.button-1:hover .fusion-button-text, .fusion-button.button-1:hover i,.fusion-button.button-1:focus .fusion-button-text, .fusion-button.button-1:focus i,.fusion-button.button-1:active .fusion-button-text, .fusion-button.button-1:active{color:#ffffff;}.fusion-button.button-1:hover .fusion-button-icon-divider, .fusion-button.button-1:hover .fusion-button-icon-divider, .fusion-button.button-1:active .fusion-button-icon-divider{border-color:#ffffff;}.fusion-button.button-1:hover, .fusion-button.button-1:focus, .fusion-button.button-1:active{border-color:#ffffff;}.fusion-button.button-1 {border-color:#ffffff;border-radius:50px;}.fusion-button.button-1{background: #01aded;}.fusion-button.button-1:hover,.button-1:focus,.fusion-button.button-1:active{background: #01aded;}.fusion-button.button-1 .fusion-button-text {text-transform:uppercase;}<\/style><a class=\"fusion-button button-flat fusion-button-default-size button-custom button-1 fusion-button-default-span fusion-button-default-type\" target=\"_blank\" rel=\"noopener noreferrer\" href=\"https:\/\/plinoxotar.it\/brochure\/IT_20210730124958152.pdf\" style=\"margin-top:30px;\"><span class=\"fusion-button-text\">Scarica la brochure <\/span><\/a><\/div><\/div><\/div><style type=\"text\/css\">.fusion-body .fusion-builder-column-0{width:100% !important;margin-top : 20px;margin-bottom : 20px;}.fusion-builder-column-0 > .fusion-column-wrapper {padding-top : 0px !important;padding-right : 0px !important;margin-right : 1.92%;padding-bottom : 0px !important;padding-left : 0px !important;margin-left : 1.92%;}@media only screen and (max-width:1024px) {.fusion-body .fusion-builder-column-0{width:100% !important;order : 0;}.fusion-builder-column-0 > .fusion-column-wrapper {margin-right : 1.92%;margin-left : 1.92%;}}@media only screen and (max-width:640px) {.fusion-body .fusion-builder-column-0{width:100% !important;order : 0;}.fusion-builder-column-0 > .fusion-column-wrapper {margin-right : 1.92%;margin-left : 1.92%;}}<\/style><\/div><style type=\"text\/css\">.fusion-body .fusion-flex-container.fusion-builder-row-1{ padding-top : 0px;margin-top : 0px;padding-right : 0px;padding-bottom : 0px;margin-bottom : 0px;padding-left : 0px;}<\/style><\/div>\n","protected":false},"excerpt":{"rendered":"","protected":false},"author":1,"featured_media":0,"parent":0,"menu_order":0,"comment_status":"closed","ping_status":"closed","template":"","meta":{"footnotes":""},"class_list":["post-2951","page","type-page","status-publish","hentry"],"_links":{"self":[{"href":"https:\/\/plinoxotar.it\/it\/wp-json\/wp\/v2\/pages\/2951","targetHints":{"allow":["GET"]}}],"collection":[{"href":"https:\/\/plinoxotar.it\/it\/wp-json\/wp\/v2\/pages"}],"about":[{"href":"https:\/\/plinoxotar.it\/it\/wp-json\/wp\/v2\/types\/page"}],"author":[{"embeddable":true,"href":"https:\/\/plinoxotar.it\/it\/wp-json\/wp\/v2\/users\/1"}],"replies":[{"embeddable":true,"href":"https:\/\/plinoxotar.it\/it\/wp-json\/wp\/v2\/comments?post=2951"}],"version-history":[{"count":4,"href":"https:\/\/plinoxotar.it\/it\/wp-json\/wp\/v2\/pages\/2951\/revisions"}],"predecessor-version":[{"id":3114,"href":"https:\/\/plinoxotar.it\/it\/wp-json\/wp\/v2\/pages\/2951\/revisions\/3114"}],"wp:attachment":[{"href":"https:\/\/plinoxotar.it\/it\/wp-json\/wp\/v2\/media?parent=2951"}],"curies":[{"name":"wp","href":"https:\/\/api.w.org\/{rel}","templated":true}]}}